{"id":2097,"date":"2023-01-19T20:11:11","date_gmt":"2023-01-19T20:11:11","guid":{"rendered":"https:\/\/joviatculinaryarts.com\/cookie-setting\/"},"modified":"2023-05-08T05:03:31","modified_gmt":"2023-05-08T05:03:31","slug":"politica-de-cookies","status":"publish","type":"page","link":"https:\/\/joviatculinaryarts.com\/es\/politica-de-cookies\/","title":{"rendered":"Pol\u00edtica de cookies"},"content":{"rendered":"<div class=\"fusion-fullwidth fullwidth-box fusion-builder-row-1 fusion-flex-container nonhundred-percent-fullwidth non-hundred-percent-height-scrolling\" style=\"--awb-border-radius-top-left:0px;--awb-border-radius-top-right:0px;--awb-border-radius-bottom-right:0px;--awb-border-radius-bottom-left:0px;--awb-flex-wrap:wrap;\" ><div class=\"fusion-builder-row fusion-row fusion-flex-align-items-flex-start fusion-flex-content-wrap\" style=\"max-width:1248px;margin-left: calc(-4% \/ 2 );margin-right: calc(-4% \/ 2 );\"><div class=\"fusion-layout-column fusion_builder_column fusion-builder-column-0 fusion_builder_column_1_1 1_1 fusion-flex-column max_width_1200\" style=\"--awb-bg-size:cover;--awb-width-large:100%;--awb-margin-top-large:0px;--awb-spacing-right-large:1.92%;--awb-margin-bottom-large:0px;--awb-spacing-left-large:1.92%;--awb-width-medium:100%;--awb-order-medium:0;--awb-spacing-right-medium:1.92%;--awb-spacing-left-medium:1.92%;--awb-width-small:100%;--awb-order-small:0;--awb-spacing-right-small:1.92%;--awb-spacing-left-small:1.92%;\"><div class=\"fusion-column-wrapper fusion-column-has-shadow fusion-flex-justify-content-flex-start fusion-content-layout-column\"><div class=\"fusion-text fusion-text-1\"><h1><span style=\"font-family: Poppins;\">Pol\u00edtica de cookies<\/span><\/h1>\n<p><span style=\"font-weight: 400; font-family: Poppins;\">En cumplimiento con lo dispuesto en el art\u00edculo 22.2 de la Ley 34\/2002, de 11 de julio, de Servicios de la Sociedad de la Informaci\u00f3n y de Comercio Electr\u00f3nico, esta p\u00e1gina web le informa, en esta secci\u00f3n, sobre la pol\u00edtica de recogida y tratamiento de cookies.<\/span><\/p>\n<p><span style=\"font-family: Poppins;\"><b>\u00bfQu\u00e9 son las cookies?<\/b><b><br \/>\n<\/b><span style=\"font-weight: 400;\">Una cookie es un fichero que se descarga en su ordenador al acceder a determinadas p\u00e1ginas web. Las cookies permiten a una p\u00e1gina web, entre otras cosas, almacenar y recuperar informaci\u00f3n sobre los h\u00e1bitos de navegaci\u00f3n de un usuario o de su equipo y, dependiendo de la informaci\u00f3n que contengan y de la forma en que utilice su equipo, pueden utilizarse para reconocer al usuario.<\/span><\/span><\/p>\n<p><span style=\"font-family: Poppins;\"><b>\u00bfQu\u00e9 tipos de cookies utiliza esta p\u00e1gina web?<\/b><b><br \/>\n<\/b><span style=\"font-weight: 400;\">Esta p\u00e1gina web utiliza los siguientes tipos de cookies:<\/span><span style=\"font-weight: 400;\"><br \/>\n<\/span><span style=\"font-weight: 400;\">Cookies de an\u00e1lisis: Son aqu\u00e9llas que bien tratadas por nosotros o por terceros, nos permiten cuantificar el n\u00famero de usuarios y as\u00ed realizar la medici\u00f3n y an\u00e1lisis estad\u00edstico de la utilizaci\u00f3n que hacen los usuarios del servicio ofertado. Para ello se analiza su navegaci\u00f3n en nuestra p\u00e1gina web con el fin de mejorar la oferta de productos o servicios que le ofrecemos.<\/span><span style=\"font-weight: 400;\"><br \/>\n<\/span><span style=\"font-weight: 400;\">Cookies t\u00e9cnicas: Son aquellas que permiten al usuario la navegaci\u00f3n a trav\u00e9s del \u00e1rea restringida y la utilizaci\u00f3n de sus diferentes funciones, como por ejemplo, llevar a cambio el proceso de compra de un art\u00edculo.<\/span><span style=\"font-weight: 400;\"><br \/>\n<\/span><span style=\"font-weight: 400;\">Cookies de personalizaci\u00f3n: Son aquellas que permiten al usuario acceder al servicio con algunas caracter\u00edsticas de car\u00e1cter general predefinidas en funci\u00f3n de una serie de criterios en el terminal del usuario como por ejemplo serian el idioma o el tipo de navegador a trav\u00e9s del cual se conecta al servicio.<\/span><span style=\"font-weight: 400;\"><br \/>\n<\/span><span style=\"font-weight: 400;\">Cookies publicitarias: Son aqu\u00e9llas que, bien tratadas por esta web o por terceros, permiten gestionar de la forma m\u00e1s eficaz posible la oferta de los espacios publicitarios que hay en la p\u00e1gina web, adecuando el contenido del anuncio al contenido del servicio solicitado o al uso que realice de nuestra p\u00e1gina web. Para ello podemos analizar sus h\u00e1bitos de navegaci\u00f3n en Internet y podemos mostrarle publicidad relacionada con su perfil de navegaci\u00f3n.<\/span><span style=\"font-weight: 400;\"><br \/>\n<\/span><span style=\"font-weight: 400;\">Cookies de publicidad comportamental: Son aquellas que permiten la gesti\u00f3n, de la forma m\u00e1s eficaz posible, de los espacios publicitarios que, en su caso, el editor haya incluido en una p\u00e1gina web, aplicaci\u00f3n o plataforma desde la que presta el servicio solicitado. Este tipo de cookies almacenan informaci\u00f3n del comportamiento de los visitantes obtenida a trav\u00e9s de la observaci\u00f3n continuada de sus h\u00e1bitos de navegaci\u00f3n, lo que permite desarrollar un perfil espec\u00edfico para mostrar avisos publicitarios en funci\u00f3n del mismo.<\/span><\/span><\/p>\n<p><span style=\"font-family: Poppins;\"><b>Desactivar las cookies<\/b><b><br \/>\n<\/b><span style=\"font-weight: 400;\">Puede usted permitir, bloquear o eliminar las cookies instaladas en su equipo mediante la configuraci\u00f3n de las opciones del navegador instalado en su ordenador.<\/span><span style=\"font-weight: 400;\"><br \/>\n<\/span><span style=\"font-weight: 400;\">En la mayor\u00eda de los navegadores web se ofrece la posibilidad de permitir, bloquear o eliminar las cookies instaladas en su equipo.<\/span><span style=\"font-weight: 400;\"><br \/>\n<\/span><span style=\"font-weight: 400;\">A continuaci\u00f3n puede acceder a la configuraci\u00f3n de los navegadores webs m\u00e1s frecuentes para aceptar, instalar o desactivar las cookies:<\/span><span style=\"font-weight: 400;\"><br \/>\n<\/span><a href=\"https:\/\/support.google.com\/chrome\/answer\/95647?hl=es\"><span style=\"font-weight: 400;\">Configurar cookies en Google Chrome<\/span><span style=\"font-weight: 400;\"><br \/>\n<\/span><\/a><a href=\"http:\/\/windows.microsoft.com\/es-es\/windows7\/how-to-manage-cookies-in-internet-explorer-9\"><span style=\"font-weight: 400;\">Configurar cookies en Microsoft Internet Explorer<\/span><span style=\"font-weight: 400;\"><br \/>\n<\/span><\/a><a href=\"https:\/\/support.mozilla.org\/es\/kb\/habilitar-y-deshabilitar-cookies-sitios-web-rastrear-preferencias?redirectlocale=es&amp;redirectslug=habilitar-y-deshabilitar-cookies-que-los-sitios-we\"><span style=\"font-weight: 400;\">Configurar cookies en Mozilla Firefox<\/span><span style=\"font-weight: 400;\"><br \/>\n<\/span><\/a><a href=\"https:\/\/support.apple.com\/es-es\/HT201265\"><span style=\"font-weight: 400;\">Configurar cookies en Safari (Apple)<\/span><\/a><\/span><\/p>\n<p><span style=\"font-family: Poppins;\"><b>Cookies de terceros<\/b><b><br \/>\n<\/b><span style=\"font-weight: 400;\">Esta p\u00e1gina web utiliza servicios de terceros para recopilar informaci\u00f3n con fines estad\u00edsticos y de uso de la web. Se usan cookies de DoubleClick para mejorar la publicidad que se incluye en el sitio web. Son utilizadas para orientar la publicidad seg\u00fan el contenido que es relevante para un usuario, mejorando as\u00ed la calidad de experiencia en el uso del mismo.<\/span><span style=\"font-weight: 400;\"><br \/>\n<\/span><span style=\"font-weight: 400;\">En concreto, usamos los servicios de Google Adsense y de Google Analytics para nuestras estad\u00edsticas y publicidad. Algunas cookies son esenciales para el funcionamiento del sitio, por ejemplo el buscador incorporado.<\/span><span style=\"font-weight: 400;\"><br \/>\n<\/span><span style=\"font-weight: 400;\">Nuestro sitio incluye otras funcionalidades proporcionadas por terceros. Usted puede f\u00e1cilmente compartir el contenido en redes sociales como Facebook, Twitter o Google +, con los botones que hemos incluido a tal efecto.<\/span><\/span><\/p>\n<p><span style=\"font-family: Poppins;\"><b>Advertencia sobre eliminar cookies<\/b><b><br \/>\n<\/b><span style=\"font-weight: 400;\">Usted puede eliminar y bloquear todas las cookies de este sitio, pero parte del sitio no funcionar\u00e1 o la calidad de la p\u00e1gina web puede verse afectada.<\/span><span style=\"font-weight: 400;\"><br \/>\n<\/span><span style=\"font-weight: 400;\">Si tiene cualquier duda acerca de nuestra pol\u00edtica de cookies, puede contactar con esta p\u00e1gina web a trav\u00e9s de nuestros canales de Contacto.<\/span><\/span><\/p>\n<\/div><\/div><\/div><\/div><\/div>\n","protected":false},"excerpt":{"rendered":"","protected":false},"author":1,"featured_media":0,"parent":0,"menu_order":0,"comment_status":"closed","ping_status":"closed","template":"100-width.php","meta":{"footnotes":""},"class_list":["post-2097","page","type-page","status-publish","hentry"],"yoast_head":"<!-- This site is optimized with the Yoast SEO Premium plugin v27.1 (Yoast SEO v27.1.1) - https:\/\/yoast.com\/product\/yoast-seo-premium-wordpress\/ -->\n<title>Pol\u00edtica de cookies - Joviat Culinary Arts<\/title>\n<meta name=\"robots\" content=\"index, follow, max-snippet:-1, max-image-preview:large, max-video-preview:-1\" \/>\n<link rel=\"canonical\" href=\"https:\/\/joviatculinaryarts.com\/es\/politica-de-cookies\/\" \/>\n<meta property=\"og:locale\" content=\"es_ES\" \/>\n<meta property=\"og:type\" content=\"article\" \/>\n<meta property=\"og:title\" content=\"Pol\u00edtica de cookies\" \/>\n<meta property=\"og:url\" content=\"https:\/\/joviatculinaryarts.com\/es\/politica-de-cookies\/\" \/>\n<meta property=\"og:site_name\" content=\"Joviat Culinary Arts\" \/>\n<meta property=\"article:publisher\" content=\"https:\/\/www.facebook.com\/hoteleria.joviat\" \/>\n<meta property=\"article:modified_time\" content=\"2023-05-08T05:03:31+00:00\" \/>\n<meta name=\"twitter:card\" content=\"summary_large_image\" \/>\n<meta name=\"twitter:site\" content=\"@joviathoteleria\" \/>\n<script type=\"application\/ld+json\" class=\"yoast-schema-graph\">{\"@context\":\"https:\/\/schema.org\",\"@graph\":[{\"@type\":\"WebPage\",\"@id\":\"https:\/\/joviatculinaryarts.com\/es\/politica-de-cookies\/\",\"url\":\"https:\/\/joviatculinaryarts.com\/es\/politica-de-cookies\/\",\"name\":\"Pol\u00edtica de cookies - Joviat Culinary Arts\",\"isPartOf\":{\"@id\":\"https:\/\/joviatculinaryarts.com\/es\/#website\"},\"datePublished\":\"2023-01-19T20:11:11+00:00\",\"dateModified\":\"2023-05-08T05:03:31+00:00\",\"breadcrumb\":{\"@id\":\"https:\/\/joviatculinaryarts.com\/es\/politica-de-cookies\/#breadcrumb\"},\"inLanguage\":\"es\",\"potentialAction\":[{\"@type\":\"ReadAction\",\"target\":[\"https:\/\/joviatculinaryarts.com\/es\/politica-de-cookies\/\"]}]},{\"@type\":\"BreadcrumbList\",\"@id\":\"https:\/\/joviatculinaryarts.com\/es\/politica-de-cookies\/#breadcrumb\",\"itemListElement\":[{\"@type\":\"ListItem\",\"position\":1,\"name\":\"Portada\",\"item\":\"https:\/\/joviatculinaryarts.com\/es\/\"},{\"@type\":\"ListItem\",\"position\":2,\"name\":\"Pol\u00edtica de cookies\"}]},{\"@type\":\"WebSite\",\"@id\":\"https:\/\/joviatculinaryarts.com\/es\/#website\",\"url\":\"https:\/\/joviatculinaryarts.com\/es\/\",\"name\":\"https:\/\/joviatculinaryarts.com\/\",\"description\":\"\",\"publisher\":{\"@id\":\"https:\/\/joviatculinaryarts.com\/es\/#organization\"},\"potentialAction\":[{\"@type\":\"SearchAction\",\"target\":{\"@type\":\"EntryPoint\",\"urlTemplate\":\"https:\/\/joviatculinaryarts.com\/es\/?s={search_term_string}\"},\"query-input\":{\"@type\":\"PropertyValueSpecification\",\"valueRequired\":true,\"valueName\":\"search_term_string\"}}],\"inLanguage\":\"es\"},{\"@type\":\"Organization\",\"@id\":\"https:\/\/joviatculinaryarts.com\/es\/#organization\",\"name\":\"Joviat Culinary Arts\",\"url\":\"https:\/\/joviatculinaryarts.com\/es\/\",\"logo\":{\"@type\":\"ImageObject\",\"inLanguage\":\"es\",\"@id\":\"https:\/\/joviatculinaryarts.com\/es\/#\/schema\/logo\/image\/\",\"url\":\"https:\/\/joviatculinaryarts.com\/wp-content\/uploads\/2023\/02\/new_logo_joviat_50.png\",\"contentUrl\":\"https:\/\/joviatculinaryarts.com\/wp-content\/uploads\/2023\/02\/new_logo_joviat_50.png\",\"width\":145,\"height\":52,\"caption\":\"Joviat Culinary Arts\"},\"image\":{\"@id\":\"https:\/\/joviatculinaryarts.com\/es\/#\/schema\/logo\/image\/\"},\"sameAs\":[\"https:\/\/www.facebook.com\/hoteleria.joviat\",\"https:\/\/x.com\/joviathoteleria\",\"https:\/\/www.instagram.com\/hoteleria.joviat\/\"]}]}<\/script>\n<!-- \/ Yoast SEO Premium plugin. -->","yoast_head_json":{"title":"Pol\u00edtica de cookies - Joviat Culinary Arts","robots":{"index":"index","follow":"follow","max-snippet":"max-snippet:-1","max-image-preview":"max-image-preview:large","max-video-preview":"max-video-preview:-1"},"canonical":"https:\/\/joviatculinaryarts.com\/es\/politica-de-cookies\/","og_locale":"es_ES","og_type":"article","og_title":"Pol\u00edtica de cookies","og_url":"https:\/\/joviatculinaryarts.com\/es\/politica-de-cookies\/","og_site_name":"Joviat Culinary Arts","article_publisher":"https:\/\/www.facebook.com\/hoteleria.joviat","article_modified_time":"2023-05-08T05:03:31+00:00","twitter_card":"summary_large_image","twitter_site":"@joviathoteleria","schema":{"@context":"https:\/\/schema.org","@graph":[{"@type":"WebPage","@id":"https:\/\/joviatculinaryarts.com\/es\/politica-de-cookies\/","url":"https:\/\/joviatculinaryarts.com\/es\/politica-de-cookies\/","name":"Pol\u00edtica de cookies - Joviat Culinary Arts","isPartOf":{"@id":"https:\/\/joviatculinaryarts.com\/es\/#website"},"datePublished":"2023-01-19T20:11:11+00:00","dateModified":"2023-05-08T05:03:31+00:00","breadcrumb":{"@id":"https:\/\/joviatculinaryarts.com\/es\/politica-de-cookies\/#breadcrumb"},"inLanguage":"es","potentialAction":[{"@type":"ReadAction","target":["https:\/\/joviatculinaryarts.com\/es\/politica-de-cookies\/"]}]},{"@type":"BreadcrumbList","@id":"https:\/\/joviatculinaryarts.com\/es\/politica-de-cookies\/#breadcrumb","itemListElement":[{"@type":"ListItem","position":1,"name":"Portada","item":"https:\/\/joviatculinaryarts.com\/es\/"},{"@type":"ListItem","position":2,"name":"Pol\u00edtica de cookies"}]},{"@type":"WebSite","@id":"https:\/\/joviatculinaryarts.com\/es\/#website","url":"https:\/\/joviatculinaryarts.com\/es\/","name":"https:\/\/joviatculinaryarts.com\/","description":"","publisher":{"@id":"https:\/\/joviatculinaryarts.com\/es\/#organization"},"potentialAction":[{"@type":"SearchAction","target":{"@type":"EntryPoint","urlTemplate":"https:\/\/joviatculinaryarts.com\/es\/?s={search_term_string}"},"query-input":{"@type":"PropertyValueSpecification","valueRequired":true,"valueName":"search_term_string"}}],"inLanguage":"es"},{"@type":"Organization","@id":"https:\/\/joviatculinaryarts.com\/es\/#organization","name":"Joviat Culinary Arts","url":"https:\/\/joviatculinaryarts.com\/es\/","logo":{"@type":"ImageObject","inLanguage":"es","@id":"https:\/\/joviatculinaryarts.com\/es\/#\/schema\/logo\/image\/","url":"https:\/\/joviatculinaryarts.com\/wp-content\/uploads\/2023\/02\/new_logo_joviat_50.png","contentUrl":"https:\/\/joviatculinaryarts.com\/wp-content\/uploads\/2023\/02\/new_logo_joviat_50.png","width":145,"height":52,"caption":"Joviat Culinary Arts"},"image":{"@id":"https:\/\/joviatculinaryarts.com\/es\/#\/schema\/logo\/image\/"},"sameAs":["https:\/\/www.facebook.com\/hoteleria.joviat","https:\/\/x.com\/joviathoteleria","https:\/\/www.instagram.com\/hoteleria.joviat\/"]}]}},"_links":{"self":[{"href":"https:\/\/joviatculinaryarts.com\/es\/wp-json\/wp\/v2\/pages\/2097","targetHints":{"allow":["GET"]}}],"collection":[{"href":"https:\/\/joviatculinaryarts.com\/es\/wp-json\/wp\/v2\/pages"}],"about":[{"href":"https:\/\/joviatculinaryarts.com\/es\/wp-json\/wp\/v2\/types\/page"}],"author":[{"embeddable":true,"href":"https:\/\/joviatculinaryarts.com\/es\/wp-json\/wp\/v2\/users\/1"}],"replies":[{"embeddable":true,"href":"https:\/\/joviatculinaryarts.com\/es\/wp-json\/wp\/v2\/comments?post=2097"}],"version-history":[{"count":1,"href":"https:\/\/joviatculinaryarts.com\/es\/wp-json\/wp\/v2\/pages\/2097\/revisions"}],"predecessor-version":[{"id":2098,"href":"https:\/\/joviatculinaryarts.com\/es\/wp-json\/wp\/v2\/pages\/2097\/revisions\/2098"}],"wp:attachment":[{"href":"https:\/\/joviatculinaryarts.com\/es\/wp-json\/wp\/v2\/media?parent=2097"}],"curies":[{"name":"wp","href":"https:\/\/api.w.org\/{rel}","templated":true}]}}