{"id":2078,"date":"2023-01-16T11:08:12","date_gmt":"2023-01-16T11:08:12","guid":{"rendered":"https:\/\/joviatculinaryarts.com\/admissions-form\/"},"modified":"2025-02-07T11:22:41","modified_gmt":"2025-02-07T11:22:41","slug":"formulario-admision","status":"publish","type":"page","link":"https:\/\/joviatculinaryarts.com\/es\/formulario-admision\/","title":{"rendered":"Formulario de admisi\u00f3n"},"content":{"rendered":"<p><div class=\"fusion-fullwidth fullwidth-box fusion-builder-row-1 fusion-flex-container has-pattern-background has-mask-background nonhundred-percent-fullwidth non-hundred-percent-height-scrolling\" style=\"--awb-border-radius-top-left:0px;--awb-border-radius-top-right:0px;--awb-border-radius-bottom-right:0px;--awb-border-radius-bottom-left:0px;--awb-flex-wrap:wrap;\" ><div class=\"fusion-builder-row fusion-row fusion-flex-align-items-flex-start fusion-flex-content-wrap\" style=\"max-width:1248px;margin-left: calc(-4% \/ 2 );margin-right: calc(-4% \/ 2 );\"><div class=\"fusion-layout-column fusion_builder_column fusion-builder-column-0 fusion_builder_column_1_1 1_1 fusion-flex-column\" style=\"--awb-bg-size:cover;--awb-width-large:100%;--awb-margin-top-large:0px;--awb-spacing-right-large:1.92%;--awb-margin-bottom-large:20px;--awb-spacing-left-large:1.92%;--awb-width-medium:100%;--awb-order-medium:0;--awb-spacing-right-medium:1.92%;--awb-spacing-left-medium:1.92%;--awb-width-small:100%;--awb-order-small:0;--awb-spacing-right-small:1.92%;--awb-spacing-left-small:1.92%;\"><div class=\"fusion-column-wrapper fusion-column-has-shadow fusion-flex-justify-content-flex-start fusion-content-layout-column\"><div class=\"fusion-text fusion-text-1 fusion-text-no-margin text_mobile_45\" style=\"--awb-font-size:60px;--awb-line-height:42px;--awb-text-color:#292c33;--awb-margin-top:50px;--awb-margin-bottom:20px;--awb-text-font-family:&quot;Poppins&quot;;--awb-text-font-style:normal;--awb-text-font-weight:700;\"><p style=\"text-align: center;\">Formulario de admisi\u00f3n<\/p>\n<\/div><div class=\"fusion-text fusion-text-2 fusion-text-no-margin\" style=\"--awb-font-size:14px;--awb-line-height:21px;--awb-text-color:#292c33;--awb-margin-bottom:100px;--awb-text-font-family:&quot;Poppins&quot;;--awb-text-font-style:normal;--awb-text-font-weight:400;\"><p style=\"text-align: center;\">Descarga tus documentos para aplicar para el Semestre y los Diplomas. Para las experiencias de verano solo se requiere el formulario de admisi\u00f3n.<\/p>\n<\/div><div id=\"formconnector_target\"><\/div>\n\n           \n\n<script type=\"text\/javascript\">\n\n    window.FormConnector_settings = {\n\n        uuid: 'cafdbc20e46611ef94ad3b89268cd1e6',\n\n    };\n\n<\/script>\n\n \n\n<script type=\"text\/javascript\"\n\n        src=\"https:\/\/formconnector.com\/form\/formconnector.js\">\n\n<\/script><\/div><\/div><\/div><\/div><div class=\"fusion-fullwidth fullwidth-box fusion-builder-row-2 fusion-flex-container has-pattern-background has-mask-background fusion-parallax-none hundred-percent-fullwidth non-hundred-percent-height-scrolling main_container_footer_admissions_page\" style=\"--awb-background-position:right bottom;--awb-border-radius-top-left:0px;--awb-border-radius-top-right:0px;--awb-border-radius-bottom-right:0px;--awb-border-radius-bottom-left:0px;--awb-padding-top:100px;--awb-padding-bottom:100px;--awb-margin-top:150px;--awb-margin-bottom:0px;--awb-background-image:url(&quot;https:\/\/joviatculinaryarts.com\/wp-content\/uploads\/2023\/04\/footer_admissions.png&quot;);--awb-background-size:cover;--awb-flex-wrap:wrap;\" ><div class=\"fusion-builder-row fusion-row fusion-flex-align-items-flex-start fusion-flex-content-wrap\" style=\"width:104% !important;max-width:104% !important;margin-left: calc(-4% \/ 2 );margin-right: calc(-4% \/ 2 );\"><div class=\"fusion-layout-column fusion_builder_column fusion-builder-column-1 fusion_builder_column_1_1 1_1 fusion-flex-column max_width_1200 container_footer_admissions_page\" style=\"--awb-bg-size:cover;--awb-width-large:100%;--awb-margin-top-large:0px;--awb-spacing-right-large:1.92%;--awb-margin-bottom-large:0px;--awb-spacing-left-large:1.92%;--awb-width-medium:100%;--awb-order-medium:0;--awb-spacing-right-medium:1.92%;--awb-spacing-left-medium:1.92%;--awb-width-small:100%;--awb-order-small:0;--awb-spacing-right-small:1.92%;--awb-spacing-left-small:1.92%;\"><div class=\"fusion-column-wrapper fusion-column-has-shadow fusion-flex-justify-content-flex-start fusion-content-layout-column\"><div class=\"fusion-builder-row fusion-builder-row-inner fusion-row fusion-flex-align-items-flex-start fusion-flex-content-wrap\" style=\"--awb-flex-grow:0;--awb-flex-grow-medium:0;--awb-flex-grow-small:0;--awb-flex-shrink:0;--awb-flex-shrink-medium:0;--awb-flex-shrink-small:0;width:104% !important;max-width:104% !important;margin-left: calc(-4% \/ 2 );margin-right: calc(-4% \/ 2 );\"><div class=\"fusion-layout-column fusion_builder_column_inner fusion-builder-nested-column-0 fusion_builder_column_inner_3_4 3_4 fusion-flex-column column_information_admissions_page\" style=\"--awb-bg-size:cover;--awb-width-large:75%;--awb-margin-top-large:0px;--awb-spacing-right-large:2.56%;--awb-margin-bottom-large:20px;--awb-spacing-left-large:2.56%;--awb-width-medium:75%;--awb-order-medium:0;--awb-spacing-right-medium:2.56%;--awb-spacing-left-medium:2.56%;--awb-width-small:100%;--awb-order-small:0;--awb-spacing-right-small:1.92%;--awb-spacing-left-small:1.92%;\"><div class=\"fusion-column-wrapper fusion-column-has-shadow fusion-flex-justify-content-flex-start fusion-content-layout-column\"><div class=\"fusion-text fusion-text-3 fusion-text-no-margin block_title\" style=\"--awb-font-size:60px;--awb-line-height:72px;--awb-text-color:#ffffff;--awb-margin-bottom:50px;--awb-text-font-family:&quot;Poppins&quot;;--awb-text-font-style:normal;--awb-text-font-weight:700;\"><p>M\u00e1s que un carnet de estudiante<\/p>\n<\/div><div class=\"fusion-text fusion-text-4 fusion-text-no-margin block_description\" style=\"--awb-font-size:18px;--awb-line-height:27px;--awb-text-color:#ffffff;--awb-text-font-family:&quot;Poppins&quot;;--awb-text-font-style:normal;--awb-text-font-weight:200;\"><p>ISEC (Tarjeta ISE) es una tarjeta de identificaci\u00f3n de estudiante reconocida internacionalmente que lo califica para descuentos y beneficios especiales en todo el mundo. Desde 1987, muchos estudiantes internacionales y viajeros j\u00f3venes obtuvieron muchos descuentos para estudiantes en museos, atracciones y transporte de todo el mundo.<\/p>\n<p>Su tarjeta de identificaci\u00f3n de estudiante ISE (ISEC) puede ser una parte integral de su experiencia educativa en el extranjero, antes, durante y despu\u00e9s de su viaje. Ahorrar\u00e1 dinero cuando explore el mundo y tambi\u00e9n la tarjeta ISE reducir\u00e1 el riesgo de p\u00e9rdida de su pasaporte.<\/p>\n<\/div><div class=\"fusion-text fusion-text-5 fusion-text-no-margin block_description\" style=\"--awb-font-size:18px;--awb-line-height:27px;--awb-text-color:#ffffff;--awb-margin-top:20px;--awb-text-font-family:&quot;Poppins&quot;;--awb-text-font-style:normal;--awb-text-font-weight:200;\"><p><a class=\"color_white\" href=\"https:\/\/www.isecard.com\/?ckattempt=1\" target=\"_blank\" rel=\"noopener\"><u>www.isecard.com<\/u><\/a><\/p>\n<\/div><\/div><\/div><\/div><\/div><\/div><\/div><\/div><\/p>\n","protected":false},"excerpt":{"rendered":"","protected":false},"author":2,"featured_media":0,"parent":0,"menu_order":0,"comment_status":"closed","ping_status":"closed","template":"100-width.php","meta":{"footnotes":""},"class_list":["post-2078","page","type-page","status-publish","hentry"],"yoast_head":"<!-- This site is optimized with the Yoast SEO Premium plugin v27.1 (Yoast SEO v27.1.1) - https:\/\/yoast.com\/product\/yoast-seo-premium-wordpress\/ -->\n<title>Formulario de admisi\u00f3n - Joviat Culinary Arts<\/title>\n<meta name=\"description\" content=\"Formulario de admisi\u00f3n\" \/>\n<meta name=\"robots\" content=\"index, follow, max-snippet:-1, max-image-preview:large, max-video-preview:-1\" \/>\n<link rel=\"canonical\" href=\"https:\/\/joviatculinaryarts.com\/es\/formulario-admision\/\" \/>\n<meta property=\"og:locale\" content=\"es_ES\" \/>\n<meta property=\"og:type\" content=\"article\" \/>\n<meta property=\"og:title\" content=\"Formulario de admisi\u00f3n\" \/>\n<meta property=\"og:description\" content=\"Formulario de admisi\u00f3n\" \/>\n<meta property=\"og:url\" content=\"https:\/\/joviatculinaryarts.com\/es\/formulario-admision\/\" \/>\n<meta property=\"og:site_name\" content=\"Joviat Culinary Arts\" \/>\n<meta property=\"article:publisher\" content=\"https:\/\/www.facebook.com\/hoteleria.joviat\" \/>\n<meta property=\"article:modified_time\" content=\"2025-02-07T11:22:41+00:00\" \/>\n<meta name=\"twitter:card\" content=\"summary_large_image\" \/>\n<meta name=\"twitter:site\" content=\"@joviathoteleria\" \/>\n<meta name=\"twitter:label1\" content=\"Tiempo de lectura\" \/>\n\t<meta name=\"twitter:data1\" content=\"1 minuto\" \/>\n<script type=\"application\/ld+json\" class=\"yoast-schema-graph\">{\"@context\":\"https:\/\/schema.org\",\"@graph\":[{\"@type\":\"WebPage\",\"@id\":\"https:\/\/joviatculinaryarts.com\/es\/formulario-admision\/\",\"url\":\"https:\/\/joviatculinaryarts.com\/es\/formulario-admision\/\",\"name\":\"Formulario de admisi\u00f3n - Joviat Culinary Arts\",\"isPartOf\":{\"@id\":\"https:\/\/joviatculinaryarts.com\/es\/#website\"},\"datePublished\":\"2023-01-16T11:08:12+00:00\",\"dateModified\":\"2025-02-07T11:22:41+00:00\",\"description\":\"Formulario de admisi\u00f3n\",\"breadcrumb\":{\"@id\":\"https:\/\/joviatculinaryarts.com\/es\/formulario-admision\/#breadcrumb\"},\"inLanguage\":\"es\",\"potentialAction\":[{\"@type\":\"ReadAction\",\"target\":[\"https:\/\/joviatculinaryarts.com\/es\/formulario-admision\/\"]}]},{\"@type\":\"BreadcrumbList\",\"@id\":\"https:\/\/joviatculinaryarts.com\/es\/formulario-admision\/#breadcrumb\",\"itemListElement\":[{\"@type\":\"ListItem\",\"position\":1,\"name\":\"Portada\",\"item\":\"https:\/\/joviatculinaryarts.com\/es\/\"},{\"@type\":\"ListItem\",\"position\":2,\"name\":\"Formulario de admisi\u00f3n\"}]},{\"@type\":\"WebSite\",\"@id\":\"https:\/\/joviatculinaryarts.com\/es\/#website\",\"url\":\"https:\/\/joviatculinaryarts.com\/es\/\",\"name\":\"https:\/\/joviatculinaryarts.com\/\",\"description\":\"\",\"publisher\":{\"@id\":\"https:\/\/joviatculinaryarts.com\/es\/#organization\"},\"potentialAction\":[{\"@type\":\"SearchAction\",\"target\":{\"@type\":\"EntryPoint\",\"urlTemplate\":\"https:\/\/joviatculinaryarts.com\/es\/?s={search_term_string}\"},\"query-input\":{\"@type\":\"PropertyValueSpecification\",\"valueRequired\":true,\"valueName\":\"search_term_string\"}}],\"inLanguage\":\"es\"},{\"@type\":\"Organization\",\"@id\":\"https:\/\/joviatculinaryarts.com\/es\/#organization\",\"name\":\"Joviat Culinary Arts\",\"url\":\"https:\/\/joviatculinaryarts.com\/es\/\",\"logo\":{\"@type\":\"ImageObject\",\"inLanguage\":\"es\",\"@id\":\"https:\/\/joviatculinaryarts.com\/es\/#\/schema\/logo\/image\/\",\"url\":\"https:\/\/joviatculinaryarts.com\/wp-content\/uploads\/2023\/02\/new_logo_joviat_50.png\",\"contentUrl\":\"https:\/\/joviatculinaryarts.com\/wp-content\/uploads\/2023\/02\/new_logo_joviat_50.png\",\"width\":145,\"height\":52,\"caption\":\"Joviat Culinary Arts\"},\"image\":{\"@id\":\"https:\/\/joviatculinaryarts.com\/es\/#\/schema\/logo\/image\/\"},\"sameAs\":[\"https:\/\/www.facebook.com\/hoteleria.joviat\",\"https:\/\/x.com\/joviathoteleria\",\"https:\/\/www.instagram.com\/hoteleria.joviat\/\"]}]}<\/script>\n<!-- \/ Yoast SEO Premium plugin. -->","yoast_head_json":{"title":"Formulario de admisi\u00f3n - Joviat Culinary Arts","description":"Formulario de admisi\u00f3n","robots":{"index":"index","follow":"follow","max-snippet":"max-snippet:-1","max-image-preview":"max-image-preview:large","max-video-preview":"max-video-preview:-1"},"canonical":"https:\/\/joviatculinaryarts.com\/es\/formulario-admision\/","og_locale":"es_ES","og_type":"article","og_title":"Formulario de admisi\u00f3n","og_description":"Formulario de admisi\u00f3n","og_url":"https:\/\/joviatculinaryarts.com\/es\/formulario-admision\/","og_site_name":"Joviat Culinary Arts","article_publisher":"https:\/\/www.facebook.com\/hoteleria.joviat","article_modified_time":"2025-02-07T11:22:41+00:00","twitter_card":"summary_large_image","twitter_site":"@joviathoteleria","twitter_misc":{"Tiempo de lectura":"1 minuto"},"schema":{"@context":"https:\/\/schema.org","@graph":[{"@type":"WebPage","@id":"https:\/\/joviatculinaryarts.com\/es\/formulario-admision\/","url":"https:\/\/joviatculinaryarts.com\/es\/formulario-admision\/","name":"Formulario de admisi\u00f3n - Joviat Culinary Arts","isPartOf":{"@id":"https:\/\/joviatculinaryarts.com\/es\/#website"},"datePublished":"2023-01-16T11:08:12+00:00","dateModified":"2025-02-07T11:22:41+00:00","description":"Formulario de admisi\u00f3n","breadcrumb":{"@id":"https:\/\/joviatculinaryarts.com\/es\/formulario-admision\/#breadcrumb"},"inLanguage":"es","potentialAction":[{"@type":"ReadAction","target":["https:\/\/joviatculinaryarts.com\/es\/formulario-admision\/"]}]},{"@type":"BreadcrumbList","@id":"https:\/\/joviatculinaryarts.com\/es\/formulario-admision\/#breadcrumb","itemListElement":[{"@type":"ListItem","position":1,"name":"Portada","item":"https:\/\/joviatculinaryarts.com\/es\/"},{"@type":"ListItem","position":2,"name":"Formulario de admisi\u00f3n"}]},{"@type":"WebSite","@id":"https:\/\/joviatculinaryarts.com\/es\/#website","url":"https:\/\/joviatculinaryarts.com\/es\/","name":"https:\/\/joviatculinaryarts.com\/","description":"","publisher":{"@id":"https:\/\/joviatculinaryarts.com\/es\/#organization"},"potentialAction":[{"@type":"SearchAction","target":{"@type":"EntryPoint","urlTemplate":"https:\/\/joviatculinaryarts.com\/es\/?s={search_term_string}"},"query-input":{"@type":"PropertyValueSpecification","valueRequired":true,"valueName":"search_term_string"}}],"inLanguage":"es"},{"@type":"Organization","@id":"https:\/\/joviatculinaryarts.com\/es\/#organization","name":"Joviat Culinary Arts","url":"https:\/\/joviatculinaryarts.com\/es\/","logo":{"@type":"ImageObject","inLanguage":"es","@id":"https:\/\/joviatculinaryarts.com\/es\/#\/schema\/logo\/image\/","url":"https:\/\/joviatculinaryarts.com\/wp-content\/uploads\/2023\/02\/new_logo_joviat_50.png","contentUrl":"https:\/\/joviatculinaryarts.com\/wp-content\/uploads\/2023\/02\/new_logo_joviat_50.png","width":145,"height":52,"caption":"Joviat Culinary Arts"},"image":{"@id":"https:\/\/joviatculinaryarts.com\/es\/#\/schema\/logo\/image\/"},"sameAs":["https:\/\/www.facebook.com\/hoteleria.joviat","https:\/\/x.com\/joviathoteleria","https:\/\/www.instagram.com\/hoteleria.joviat\/"]}]}},"_links":{"self":[{"href":"https:\/\/joviatculinaryarts.com\/es\/wp-json\/wp\/v2\/pages\/2078","targetHints":{"allow":["GET"]}}],"collection":[{"href":"https:\/\/joviatculinaryarts.com\/es\/wp-json\/wp\/v2\/pages"}],"about":[{"href":"https:\/\/joviatculinaryarts.com\/es\/wp-json\/wp\/v2\/types\/page"}],"author":[{"embeddable":true,"href":"https:\/\/joviatculinaryarts.com\/es\/wp-json\/wp\/v2\/users\/2"}],"replies":[{"embeddable":true,"href":"https:\/\/joviatculinaryarts.com\/es\/wp-json\/wp\/v2\/comments?post=2078"}],"version-history":[{"count":11,"href":"https:\/\/joviatculinaryarts.com\/es\/wp-json\/wp\/v2\/pages\/2078\/revisions"}],"predecessor-version":[{"id":3247,"href":"https:\/\/joviatculinaryarts.com\/es\/wp-json\/wp\/v2\/pages\/2078\/revisions\/3247"}],"wp:attachment":[{"href":"https:\/\/joviatculinaryarts.com\/es\/wp-json\/wp\/v2\/media?parent=2078"}],"curies":[{"name":"wp","href":"https:\/\/api.w.org\/{rel}","templated":true}]}}