{"id":2045,"date":"2023-04-23T15:59:11","date_gmt":"2023-04-23T15:59:11","guid":{"rendered":"https:\/\/joviatculinaryarts.com\/why-in-catalunya\/"},"modified":"2023-06-27T10:41:39","modified_gmt":"2023-06-27T10:41:39","slug":"por-que-en-cataluna","status":"publish","type":"page","link":"https:\/\/joviatculinaryarts.com\/es\/por-que-en-cataluna\/","title":{"rendered":"\u00bfPor qu\u00e9 en Catalu\u00f1a?"},"content":{"rendered":"<p><div class=\"fusion-fullwidth fullwidth-box fusion-builder-row-1 fusion-flex-container has-pattern-background has-mask-background nonhundred-percent-fullwidth non-hundred-percent-height-scrolling\" style=\"--awb-border-radius-top-left:0px;--awb-border-radius-top-right:0px;--awb-border-radius-bottom-right:0px;--awb-border-radius-bottom-left:0px;--awb-padding-top:100px;--awb-padding-bottom:100px;--awb-margin-top:0px;--awb-margin-bottom:0px;--awb-flex-wrap:wrap;\" ><div class=\"fusion-builder-row fusion-row fusion-flex-align-items-flex-start fusion-flex-content-wrap\" style=\"max-width:1248px;margin-left: calc(-4% \/ 2 );margin-right: calc(-4% \/ 2 );\"><div class=\"fusion-layout-column fusion_builder_column fusion-builder-column-0 fusion_builder_column_1_1 1_1 fusion-flex-column\" style=\"--awb-bg-size:cover;--awb-width-large:100%;--awb-margin-top-large:0px;--awb-spacing-right-large:1.92%;--awb-margin-bottom-large:0px;--awb-spacing-left-large:1.92%;--awb-width-medium:100%;--awb-order-medium:0;--awb-spacing-right-medium:1.92%;--awb-spacing-left-medium:1.92%;--awb-width-small:100%;--awb-order-small:0;--awb-spacing-right-small:1.92%;--awb-spacing-left-small:1.92%;\"><div class=\"fusion-column-wrapper fusion-column-has-shadow fusion-flex-justify-content-flex-start fusion-content-layout-column\"><div class=\"fusion-text fusion-text-1 fusion-text-no-margin\" style=\"--awb-font-size:32px;--awb-line-height:43px;--awb-margin-bottom:30px;--awb-text-font-family:&quot;Poppins&quot;;--awb-text-font-style:normal;--awb-text-font-weight:700;\"><p style=\"text-align: center;\">Joviat<\/p>\n<\/div><div class=\"fusion-text fusion-text-2 fusion-text-no-margin text_mobile_50\" style=\"--awb-font-size:94px;--awb-line-height:125px;--awb-text-font-family:&quot;Poppins&quot;;\"><p style=\"text-align: center;\"><strong>\u00bfPor qu\u00e9 en Catalu\u00f1a?<\/strong><\/p>\n<\/div><\/div><\/div><\/div><\/div><div class=\"fusion-fullwidth fullwidth-box fusion-builder-row-2 fusion-flex-container has-pattern-background has-mask-background hundred-percent-fullwidth non-hundred-percent-height-scrolling\" style=\"--awb-border-radius-top-left:0px;--awb-border-radius-top-right:0px;--awb-border-radius-bottom-right:0px;--awb-border-radius-bottom-left:0px;--awb-padding-top:100px;--awb-padding-bottom:100px;--awb-margin-top:0px;--awb-margin-bottom:0px;--awb-background-color:#292c33;--awb-flex-wrap:wrap;\" ><div class=\"fusion-builder-row fusion-row fusion-flex-align-items-flex-start fusion-flex-content-wrap\" style=\"width:104% !important;max-width:104% !important;margin-left: calc(-4% \/ 2 );margin-right: calc(-4% \/ 2 );\"><div class=\"fusion-layout-column fusion_builder_column fusion-builder-column-1 fusion_builder_column_1_1 1_1 fusion-flex-column max_width_1200\" style=\"--awb-bg-size:cover;--awb-width-large:100%;--awb-margin-top-large:0px;--awb-spacing-right-large:1.92%;--awb-margin-bottom-large:0px;--awb-spacing-left-large:1.92%;--awb-width-medium:100%;--awb-order-medium:0;--awb-spacing-right-medium:1.92%;--awb-spacing-left-medium:1.92%;--awb-width-small:100%;--awb-order-small:0;--awb-spacing-right-small:1.92%;--awb-spacing-left-small:1.92%;\"><div class=\"fusion-column-wrapper fusion-column-has-shadow fusion-flex-justify-content-flex-start fusion-content-layout-column\"><div class=\"fusion-video fusion-selfhosted-video\" style=\"max-width:100%;\"><div class=\"video-wrapper\"><video playsinline=\"true\" width=\"100%\" style=\"object-fit: cover;\" muted=\"true\" loop=\"true\" preload=\"auto\" controls=\"1\"><source src=\"https:\/\/joviatculinaryarts.com\/wp-content\/uploads\/2023\/04\/JOVIAT_COLMAN_ANDREWS.mp4\" type=\"video\/mp4\">Sorry, your browser doesn&#039;t support embedded videos.<\/video><\/div><\/div><div class=\"fusion-text fusion-text-3 fusion-text-no-margin\" style=\"--awb-font-size:50px;--awb-line-height:60px;--awb-text-color:#be9f56;--awb-margin-top:50px;--awb-margin-bottom:50px;--awb-text-font-family:&quot;Cormorant&quot;;--awb-text-font-style:normal;--awb-text-font-weight:700;\"><p>\u00bfPor qu\u00e9 en Manresa?<\/p>\n<\/div><div class=\"fusion-video fusion-selfhosted-video\" style=\"max-width:100%;\"><div class=\"video-wrapper\"><video playsinline=\"true\" width=\"100%\" style=\"object-fit: cover;\" muted=\"true\" loop=\"true\" preload=\"auto\" controls=\"1\"><source src=\"https:\/\/joviatculinaryarts.com\/wp-content\/uploads\/2023\/04\/Ramonet.mp4\" type=\"video\/mp4\">Sorry, your browser doesn&#039;t support embedded videos.<\/video><\/div><\/div><div class=\"fusion-video fusion-youtube\" style=\"--awb-max-width:1248px;--awb-max-height:702px;--awb-align-self:center;--awb-width:100%;--awb-margin-top:100px;--awb-margin-bottom:0px;\"><div class=\"video-shortcode\"><div class=\"fluid-width-video-wrapper\" style=\"padding-top:56.25%;\" ><iframe title=\"YouTube video player 1\" src=\"https:\/\/www.youtube.com\/embed\/HHwLcdpkcmE?wmode=transparent&autoplay=0\" width=\"1248\" height=\"702\" allowfullscreen allow=\"autoplay; clipboard-write; encrypted-media; gyroscope; picture-in-picture;\"><\/iframe><\/div><\/div><\/div><\/div><\/div><\/div><\/div><\/p>\n","protected":false},"excerpt":{"rendered":"","protected":false},"author":1,"featured_media":0,"parent":0,"menu_order":0,"comment_status":"closed","ping_status":"closed","template":"100-width.php","meta":{"footnotes":""},"class_list":["post-2045","page","type-page","status-publish","hentry"],"yoast_head":"<!-- This site is optimized with the Yoast SEO Premium plugin v27.1 (Yoast SEO v27.1.1) - https:\/\/yoast.com\/product\/yoast-seo-premium-wordpress\/ -->\n<title>\u00bfPor qu\u00e9 en Catalu\u00f1a? - Joviat Culinary Arts<\/title>\n<meta name=\"description\" content=\"Catalu\u00f1a es un tesoro del Mediterr\u00e1neo, en cocina catalana, pasteler\u00eda, chocolate, reposter\u00eda y sommelier\u00eda,\" \/>\n<meta name=\"robots\" content=\"index, follow, max-snippet:-1, max-image-preview:large, max-video-preview:-1\" \/>\n<link rel=\"canonical\" href=\"https:\/\/joviatculinaryarts.com\/es\/por-que-en-cataluna\/\" \/>\n<meta property=\"og:locale\" content=\"es_ES\" \/>\n<meta property=\"og:type\" content=\"article\" \/>\n<meta property=\"og:title\" content=\"\u00bfPor qu\u00e9 en Catalu\u00f1a?\" \/>\n<meta property=\"og:description\" content=\"Catalu\u00f1a es un tesoro del Mediterr\u00e1neo, en cocina catalana, pasteler\u00eda, chocolate, reposter\u00eda y sommelier\u00eda,\" \/>\n<meta property=\"og:url\" content=\"https:\/\/joviatculinaryarts.com\/es\/por-que-en-cataluna\/\" \/>\n<meta property=\"og:site_name\" content=\"Joviat Culinary Arts\" \/>\n<meta property=\"article:publisher\" content=\"https:\/\/www.facebook.com\/hoteleria.joviat\" \/>\n<meta property=\"article:modified_time\" content=\"2023-06-27T10:41:39+00:00\" \/>\n<meta name=\"twitter:card\" content=\"summary_large_image\" \/>\n<meta name=\"twitter:site\" content=\"@joviathoteleria\" \/>\n<meta name=\"twitter:label1\" content=\"Tiempo de lectura\" \/>\n\t<meta name=\"twitter:data1\" content=\"4 minutos\" \/>\n<script type=\"application\/ld+json\" class=\"yoast-schema-graph\">{\"@context\":\"https:\/\/schema.org\",\"@graph\":[{\"@type\":\"WebPage\",\"@id\":\"https:\/\/joviatculinaryarts.com\/es\/por-que-en-cataluna\/\",\"url\":\"https:\/\/joviatculinaryarts.com\/es\/por-que-en-cataluna\/\",\"name\":\"\u00bfPor qu\u00e9 en Catalu\u00f1a? - Joviat Culinary Arts\",\"isPartOf\":{\"@id\":\"https:\/\/joviatculinaryarts.com\/es\/#website\"},\"datePublished\":\"2023-04-23T15:59:11+00:00\",\"dateModified\":\"2023-06-27T10:41:39+00:00\",\"description\":\"Catalu\u00f1a es un tesoro del Mediterr\u00e1neo, en cocina catalana, pasteler\u00eda, chocolate, reposter\u00eda y sommelier\u00eda,\",\"breadcrumb\":{\"@id\":\"https:\/\/joviatculinaryarts.com\/es\/por-que-en-cataluna\/#breadcrumb\"},\"inLanguage\":\"es\",\"potentialAction\":[{\"@type\":\"ReadAction\",\"target\":[\"https:\/\/joviatculinaryarts.com\/es\/por-que-en-cataluna\/\"]}]},{\"@type\":\"BreadcrumbList\",\"@id\":\"https:\/\/joviatculinaryarts.com\/es\/por-que-en-cataluna\/#breadcrumb\",\"itemListElement\":[{\"@type\":\"ListItem\",\"position\":1,\"name\":\"Portada\",\"item\":\"https:\/\/joviatculinaryarts.com\/es\/\"},{\"@type\":\"ListItem\",\"position\":2,\"name\":\"\u00bfPor qu\u00e9 en Catalu\u00f1a?\"}]},{\"@type\":\"WebSite\",\"@id\":\"https:\/\/joviatculinaryarts.com\/es\/#website\",\"url\":\"https:\/\/joviatculinaryarts.com\/es\/\",\"name\":\"https:\/\/joviatculinaryarts.com\/\",\"description\":\"\",\"publisher\":{\"@id\":\"https:\/\/joviatculinaryarts.com\/es\/#organization\"},\"potentialAction\":[{\"@type\":\"SearchAction\",\"target\":{\"@type\":\"EntryPoint\",\"urlTemplate\":\"https:\/\/joviatculinaryarts.com\/es\/?s={search_term_string}\"},\"query-input\":{\"@type\":\"PropertyValueSpecification\",\"valueRequired\":true,\"valueName\":\"search_term_string\"}}],\"inLanguage\":\"es\"},{\"@type\":\"Organization\",\"@id\":\"https:\/\/joviatculinaryarts.com\/es\/#organization\",\"name\":\"Joviat Culinary Arts\",\"url\":\"https:\/\/joviatculinaryarts.com\/es\/\",\"logo\":{\"@type\":\"ImageObject\",\"inLanguage\":\"es\",\"@id\":\"https:\/\/joviatculinaryarts.com\/es\/#\/schema\/logo\/image\/\",\"url\":\"https:\/\/joviatculinaryarts.com\/wp-content\/uploads\/2023\/02\/new_logo_joviat_50.png\",\"contentUrl\":\"https:\/\/joviatculinaryarts.com\/wp-content\/uploads\/2023\/02\/new_logo_joviat_50.png\",\"width\":145,\"height\":52,\"caption\":\"Joviat Culinary Arts\"},\"image\":{\"@id\":\"https:\/\/joviatculinaryarts.com\/es\/#\/schema\/logo\/image\/\"},\"sameAs\":[\"https:\/\/www.facebook.com\/hoteleria.joviat\",\"https:\/\/x.com\/joviathoteleria\",\"https:\/\/www.instagram.com\/hoteleria.joviat\/\"]}]}<\/script>\n<!-- \/ Yoast SEO Premium plugin. -->","yoast_head_json":{"title":"\u00bfPor qu\u00e9 en Catalu\u00f1a? - Joviat Culinary Arts","description":"Catalu\u00f1a es un tesoro del Mediterr\u00e1neo, en cocina catalana, pasteler\u00eda, chocolate, reposter\u00eda y sommelier\u00eda,","robots":{"index":"index","follow":"follow","max-snippet":"max-snippet:-1","max-image-preview":"max-image-preview:large","max-video-preview":"max-video-preview:-1"},"canonical":"https:\/\/joviatculinaryarts.com\/es\/por-que-en-cataluna\/","og_locale":"es_ES","og_type":"article","og_title":"\u00bfPor qu\u00e9 en Catalu\u00f1a?","og_description":"Catalu\u00f1a es un tesoro del Mediterr\u00e1neo, en cocina catalana, pasteler\u00eda, chocolate, reposter\u00eda y sommelier\u00eda,","og_url":"https:\/\/joviatculinaryarts.com\/es\/por-que-en-cataluna\/","og_site_name":"Joviat Culinary Arts","article_publisher":"https:\/\/www.facebook.com\/hoteleria.joviat","article_modified_time":"2023-06-27T10:41:39+00:00","twitter_card":"summary_large_image","twitter_site":"@joviathoteleria","twitter_misc":{"Tiempo de lectura":"4 minutos"},"schema":{"@context":"https:\/\/schema.org","@graph":[{"@type":"WebPage","@id":"https:\/\/joviatculinaryarts.com\/es\/por-que-en-cataluna\/","url":"https:\/\/joviatculinaryarts.com\/es\/por-que-en-cataluna\/","name":"\u00bfPor qu\u00e9 en Catalu\u00f1a? - Joviat Culinary Arts","isPartOf":{"@id":"https:\/\/joviatculinaryarts.com\/es\/#website"},"datePublished":"2023-04-23T15:59:11+00:00","dateModified":"2023-06-27T10:41:39+00:00","description":"Catalu\u00f1a es un tesoro del Mediterr\u00e1neo, en cocina catalana, pasteler\u00eda, chocolate, reposter\u00eda y sommelier\u00eda,","breadcrumb":{"@id":"https:\/\/joviatculinaryarts.com\/es\/por-que-en-cataluna\/#breadcrumb"},"inLanguage":"es","potentialAction":[{"@type":"ReadAction","target":["https:\/\/joviatculinaryarts.com\/es\/por-que-en-cataluna\/"]}]},{"@type":"BreadcrumbList","@id":"https:\/\/joviatculinaryarts.com\/es\/por-que-en-cataluna\/#breadcrumb","itemListElement":[{"@type":"ListItem","position":1,"name":"Portada","item":"https:\/\/joviatculinaryarts.com\/es\/"},{"@type":"ListItem","position":2,"name":"\u00bfPor qu\u00e9 en Catalu\u00f1a?"}]},{"@type":"WebSite","@id":"https:\/\/joviatculinaryarts.com\/es\/#website","url":"https:\/\/joviatculinaryarts.com\/es\/","name":"https:\/\/joviatculinaryarts.com\/","description":"","publisher":{"@id":"https:\/\/joviatculinaryarts.com\/es\/#organization"},"potentialAction":[{"@type":"SearchAction","target":{"@type":"EntryPoint","urlTemplate":"https:\/\/joviatculinaryarts.com\/es\/?s={search_term_string}"},"query-input":{"@type":"PropertyValueSpecification","valueRequired":true,"valueName":"search_term_string"}}],"inLanguage":"es"},{"@type":"Organization","@id":"https:\/\/joviatculinaryarts.com\/es\/#organization","name":"Joviat Culinary Arts","url":"https:\/\/joviatculinaryarts.com\/es\/","logo":{"@type":"ImageObject","inLanguage":"es","@id":"https:\/\/joviatculinaryarts.com\/es\/#\/schema\/logo\/image\/","url":"https:\/\/joviatculinaryarts.com\/wp-content\/uploads\/2023\/02\/new_logo_joviat_50.png","contentUrl":"https:\/\/joviatculinaryarts.com\/wp-content\/uploads\/2023\/02\/new_logo_joviat_50.png","width":145,"height":52,"caption":"Joviat Culinary Arts"},"image":{"@id":"https:\/\/joviatculinaryarts.com\/es\/#\/schema\/logo\/image\/"},"sameAs":["https:\/\/www.facebook.com\/hoteleria.joviat","https:\/\/x.com\/joviathoteleria","https:\/\/www.instagram.com\/hoteleria.joviat\/"]}]}},"_links":{"self":[{"href":"https:\/\/joviatculinaryarts.com\/es\/wp-json\/wp\/v2\/pages\/2045","targetHints":{"allow":["GET"]}}],"collection":[{"href":"https:\/\/joviatculinaryarts.com\/es\/wp-json\/wp\/v2\/pages"}],"about":[{"href":"https:\/\/joviatculinaryarts.com\/es\/wp-json\/wp\/v2\/types\/page"}],"author":[{"embeddable":true,"href":"https:\/\/joviatculinaryarts.com\/es\/wp-json\/wp\/v2\/users\/1"}],"replies":[{"embeddable":true,"href":"https:\/\/joviatculinaryarts.com\/es\/wp-json\/wp\/v2\/comments?post=2045"}],"version-history":[{"count":7,"href":"https:\/\/joviatculinaryarts.com\/es\/wp-json\/wp\/v2\/pages\/2045\/revisions"}],"predecessor-version":[{"id":2605,"href":"https:\/\/joviatculinaryarts.com\/es\/wp-json\/wp\/v2\/pages\/2045\/revisions\/2605"}],"wp:attachment":[{"href":"https:\/\/joviatculinaryarts.com\/es\/wp-json\/wp\/v2\/media?parent=2045"}],"curies":[{"name":"wp","href":"https:\/\/api.w.org\/{rel}","templated":true}]}}